{"id":1283,"date":"2020-12-07T00:50:19","date_gmt":"2020-12-06T23:50:19","guid":{"rendered":"https:\/\/www.cclv.fr\/?post_type=product&#038;p=1283"},"modified":"2021-12-12T21:49:10","modified_gmt":"2021-12-12T20:49:10","slug":"lave","status":"publish","type":"product","link":"https:\/\/www.cclv.fr\/?product=lave&lang=fr","title":{"rendered":"Lave"},"content":{"rendered":"<p>Peinture sur carton entoil\u00e9 r\u00e9alis\u00e9e \u00e0 partir d&#8217;octobre 2020.<\/p>\n<p>Le carton entoil\u00e9 est compos\u00e9 d&#8217;un carton rigide de quelques millim\u00e8tres d&#8217;\u00e9paisseur sur lequel une toile en coton est coll\u00e9e. Le carton entoil\u00e9 peut s&#8217;exposer avec ou sans cadre.<\/p>\n<p><strong>Il s&#8217;agit d&#8217;une s\u00e9rie : chaque exemplaire de cette s\u00e9rie est unique :<\/strong> les motifs varient d&#8217;un exemplaire \u00e0 un autre, mais la couleur du fond et l&#8217;aspect visuel global sont les m\u00eame. Chaque exemplaire est unique par la disposition des motifs et r\u00e9alis\u00e9 \u00e0 la main. En acqu\u00e9rant l&#8217;un des exemplaires uniques de cette s\u00e9rie, vous ne recevrez peut-\u00eatre pas l&#8217;exemplaire pris en photo, mais l&#8217;aspect visuel de l&#8217;exemplaire re\u00e7u sera similaire.<\/p>\n","protected":false},"excerpt":{"rendered":"<p>Peinture sur carton entoil\u00e9 33\u00d741 cm.<\/p>\n","protected":false},"featured_media":1044,"template":"","meta":{"neve_meta_sidebar":"","neve_meta_container":"","neve_meta_enable_content_width":"off","neve_meta_content_width":0,"neve_meta_title_alignment":"","neve_meta_author_avatar":"","neve_post_elements_order":"","neve_meta_disable_header":"","neve_meta_disable_footer":"","neve_meta_disable_title":"","spay_email":"","_vp_format_video_url":"","_vp_image_focal_point":[]},"yoast_head":"<!-- This site is optimized with the Yoast SEO plugin v15.4 - https:\/\/yoast.com\/wordpress\/plugins\/seo\/ -->\n<title>Lave - CCLV<\/title>\n<meta name=\"robots\" content=\"index, follow, max-snippet:-1, max-image-preview:large, max-video-preview:-1\" \/>\n<link rel=\"canonical\" href=\"https:\/\/www.cclv.fr\/?product=lave&#038;lang=fr\" \/>\n<meta property=\"og:locale\" content=\"fr_FR\" \/>\n<meta property=\"og:type\" content=\"article\" \/>\n<meta property=\"og:title\" content=\"Lave - CCLV\" \/>\n<meta property=\"og:description\" content=\"Peinture sur carton entoil\u00e9 33\u00d741 cm.\" \/>\n<meta property=\"og:url\" content=\"https:\/\/www.cclv.fr\/?product=lave&amp;lang=fr\" \/>\n<meta property=\"og:site_name\" content=\"CCLV\" \/>\n<meta property=\"article:modified_time\" content=\"2021-12-12T20:49:10+00:00\" \/>\n<meta property=\"og:image\" content=\"https:\/\/www.cclv.fr\/wp-content\/uploads\/2020\/12\/Halloween-I-scaled.jpg\" \/>\n\t<meta property=\"og:image:width\" content=\"2137\" \/>\n\t<meta property=\"og:image:height\" content=\"2560\" \/>\n<meta name=\"twitter:card\" content=\"summary_large_image\" \/>\n<meta name=\"twitter:label1\" content=\"\u00c9crit par\">\n\t<meta name=\"twitter:data1\" content=\"admin9474\">\n\t<meta name=\"twitter:label2\" content=\"Dur\u00e9e de lecture est.\">\n\t<meta name=\"twitter:data2\" content=\"0 minute\">\n<script type=\"application\/ld+json\" class=\"yoast-schema-graph\">{\"@context\":\"https:\/\/schema.org\",\"@graph\":[{\"@type\":\"WebSite\",\"@id\":\"https:\/\/www.cclv.fr\/?page_id=828&lang=fr\/#website\",\"url\":\"https:\/\/www.cclv.fr\/?page_id=828&lang=fr\/\",\"name\":\"CCLV\",\"description\":\"Artiste r\\u00eaveur\",\"potentialAction\":[{\"@type\":\"SearchAction\",\"target\":\"https:\/\/www.cclv.fr\/?page_id=828&lang=fr\/?s={search_term_string}\",\"query-input\":\"required name=search_term_string\"}],\"inLanguage\":\"fr-FR\"},{\"@type\":\"ImageObject\",\"@id\":\"https:\/\/www.cclv.fr\/?product=lave&lang=fr#primaryimage\",\"inLanguage\":\"fr-FR\",\"url\":\"https:\/\/www.cclv.fr\/wp-content\/uploads\/2020\/12\/Halloween-I-scaled.jpg\",\"width\":2137,\"height\":2560},{\"@type\":\"WebPage\",\"@id\":\"https:\/\/www.cclv.fr\/?product=lave&lang=fr#webpage\",\"url\":\"https:\/\/www.cclv.fr\/?product=lave&lang=fr\",\"name\":\"Lave - CCLV\",\"isPartOf\":{\"@id\":\"https:\/\/www.cclv.fr\/?page_id=828&lang=fr\/#website\"},\"primaryImageOfPage\":{\"@id\":\"https:\/\/www.cclv.fr\/?product=lave&lang=fr#primaryimage\"},\"datePublished\":\"2020-12-06T23:50:19+00:00\",\"dateModified\":\"2021-12-12T20:49:10+00:00\",\"inLanguage\":\"fr-FR\",\"potentialAction\":[{\"@type\":\"ReadAction\",\"target\":[\"https:\/\/www.cclv.fr\/?product=lave&lang=fr\"]}]}]}<\/script>\n<!-- \/ Yoast SEO plugin. -->","_links":{"self":[{"href":"https:\/\/www.cclv.fr\/index.php?rest_route=\/wp\/v2\/product\/1283"}],"collection":[{"href":"https:\/\/www.cclv.fr\/index.php?rest_route=\/wp\/v2\/product"}],"about":[{"href":"https:\/\/www.cclv.fr\/index.php?rest_route=\/wp\/v2\/types\/product"}],"wp:featuredmedia":[{"embeddable":true,"href":"https:\/\/www.cclv.fr\/index.php?rest_route=\/wp\/v2\/media\/1044"}],"wp:attachment":[{"href":"https:\/\/www.cclv.fr\/index.php?rest_route=%2Fwp%2Fv2%2Fmedia&parent=1283"}],"curies":[{"name":"wp","href":"https:\/\/api.w.org\/{rel}","templated":true}]}}